{"id":7604,"date":"2025-09-05T05:46:18","date_gmt":"2025-09-05T05:46:18","guid":{"rendered":"https:\/\/nextsaas-wp.pixels71.com\/insurance\/?page_id=7604"},"modified":"2026-03-21T08:44:52","modified_gmt":"2026-03-21T08:44:52","slug":"contact-us","status":"publish","type":"page","link":"https:\/\/implest.com\/?page_id=7604","title":{"rendered":"Contacto"},"content":{"rendered":"\t\t<div data-elementor-type=\"wp-page\" data-elementor-id=\"7604\" class=\"elementor elementor-7604\">\n\t\t\t\t<div class=\"elementor-element elementor-element-113be99 e-flex e-con-boxed nextsaas-filter-effect-no nextsaas-custom-background-no nextsaas-sticky-no e-con e-parent\" data-id=\"113be99\" data-element_type=\"container\" data-e-type=\"container\" data-settings=\"{&quot;background_background&quot;:&quot;classic&quot;}\">\n\t\t\t\t\t<div class=\"e-con-inner\">\n\t\t\t\t<div class=\"gsap-animation elementor-element elementor-element-0954b42 elementor-widget__width-initial nextsaas-filter-effect-no elementor-widget elementor-widget-heading\" data-gsap-animate=\"true\" data-duration=\"0.6\" data-delay=\"0.1\" data-direction=\"down\" data-offset=\"60\" data-rotation=\"0\" data-id=\"0954b42\" data-element_type=\"widget\" data-e-type=\"widget\" data-widget_type=\"heading.default\">\n\t\t\t\t\t<h2 class=\"elementor-heading-title elementor-size-default\">Hablemos sobre c\u00f3mo generar reuniones con decisores<\/h2>\t\t\t\t<\/div>\n\t\t\t\t<div class=\"gsap-animation elementor-element elementor-element-7ab572f elementor-widget__width-initial nextsaas-filter-effect-no elementor-widget elementor-widget-heading\" data-gsap-animate=\"true\" data-duration=\"0.6\" data-delay=\"0.2\" data-direction=\"down\" data-offset=\"60\" data-rotation=\"0\" data-id=\"7ab572f\" data-element_type=\"widget\" data-e-type=\"widget\" data-widget_type=\"heading.default\">\n\t\t\t\t\t<p class=\"elementor-heading-title elementor-size-default\">Si quieres convertir LinkedIn en un canal real de captaci\u00f3n B2B, \nd\u00e9janos tu mensaje y te ayudaremos a activar tu AI LinkedIn SDR.<\/p>\t\t\t\t<\/div>\n\t\t<div class=\"elementor-element elementor-element-5727575 e-con-full e-flex nextsaas-filter-effect-no nextsaas-custom-background-no nextsaas-sticky-no e-con e-child\" data-id=\"5727575\" data-element_type=\"container\" data-e-type=\"container\">\n\t\t<div class=\"gsap-animation elementor-element elementor-element-1be3cf5 e-con-full e-flex nextsaas-filter-effect-no nextsaas-custom-background-no nextsaas-sticky-no e-con e-child\" data-gsap-animate=\"true\" data-duration=\"0.6\" data-delay=\"0.3\" data-direction=\"down\" data-offset=\"60\" data-rotation=\"0\" data-id=\"1be3cf5\" data-element_type=\"container\" data-e-type=\"container\" data-settings=\"{&quot;background_background&quot;:&quot;classic&quot;}\">\n\t\t\t\t<div class=\"elementor-element elementor-element-47679d4 nextsaas-filter-effect-no elementor-widget elementor-widget-nextsaas_contact_form\" data-id=\"47679d4\" data-element_type=\"widget\" data-e-type=\"widget\" data-widget_type=\"nextsaas_contact_form.default\">\n\t\t\t\t<div class=\"elementor-widget-container\">\n\t\t\t\t\t                        <div class=\"nextsaas-contact-form nextsaas-contact-form-7 nextsaas-contact-form-47679d4\">\r\n                \n<div class=\"wpcf7 no-js\" id=\"wpcf7-f29227-o1\" lang=\"en-US\" dir=\"ltr\" data-wpcf7-id=\"29227\">\n<div class=\"screen-reader-response\"><p role=\"status\" aria-live=\"polite\" aria-atomic=\"true\"><\/p> <ul><\/ul><\/div>\n<form action=\"\/index.php?rest_route=%2Fwp%2Fv2%2Fpages%2F7604#wpcf7-f29227-o1\" method=\"post\" class=\"wpcf7-form init\" aria-label=\"Contact form\" novalidate=\"novalidate\" data-status=\"init\">\n<fieldset class=\"hidden-fields-container\"><input type=\"hidden\" name=\"_wpcf7\" value=\"29227\" \/><input type=\"hidden\" name=\"_wpcf7_version\" value=\"6.1.5\" \/><input type=\"hidden\" name=\"_wpcf7_locale\" value=\"en_US\" \/><input type=\"hidden\" name=\"_wpcf7_unit_tag\" value=\"wpcf7-f29227-o1\" \/><input type=\"hidden\" name=\"_wpcf7_container_post\" value=\"0\" \/><input type=\"hidden\" name=\"_wpcf7_posted_data_hash\" value=\"\" \/>\n<\/fieldset>\n<div class=\"nextsaas-cf7-column\">\n    <label> Nombre completo\n        <input size=\"40\" maxlength=\"400\" class=\"wpcf7-form-control wpcf7-text wpcf7-validates-as-required\" aria-required=\"true\" aria-invalid=\"false\" placeholder=\"Ingresa tu nombre\" value=\"\" type=\"text\" name=\"your-name\" \/> \n    <\/label>\n\n    <label> Tu n\u00famero\n        <input size=\"40\" maxlength=\"400\" class=\"wpcf7-form-control wpcf7-text wpcf7-validates-as-required\" aria-required=\"true\" aria-invalid=\"false\" placeholder=\"Ingresa tu n\u00famero\" value=\"\" type=\"text\" name=\"your-number\" \/> \n    <\/label>\n<\/div>\n\n<label> Tu correo electr\u00f3nico\n    <input size=\"40\" maxlength=\"400\" class=\"wpcf7-form-control wpcf7-email wpcf7-validates-as-required wpcf7-text wpcf7-validates-as-email\" autocomplete=\"email\" aria-required=\"true\" aria-invalid=\"false\" placeholder=\"Ingresa tu correo electr\u00f3nico\" value=\"\" type=\"email\" name=\"your-email\" \/> \n<\/label>\n\n<label> Asunto\n    <input size=\"40\" maxlength=\"400\" class=\"wpcf7-form-control wpcf7-text wpcf7-validates-as-required\" aria-required=\"true\" aria-invalid=\"false\" placeholder=\"Ingresa tu asunto\" value=\"\" type=\"text\" name=\"your-subject\" \/> \n<\/label> \n\n<label> Escribe tu mensaje\n    <textarea cols=\"40\" rows=\"10\" maxlength=\"2000\" class=\"wpcf7-form-control wpcf7-textarea\" aria-invalid=\"false\" placeholder=\"Escribe tu mensaje\" name=\"your-message\"><\/textarea> \n<\/label>\n\n<span class=\"wpcf7-form-control wpcf7-acceptance optional\"><span class=\"wpcf7-list-item\"><label><input type=\"checkbox\" name=\"acceptance-907\" value=\"1\" aria-invalid=\"false\" \/><span class=\"wpcf7-list-item-label\">Estoy de acuerdo con los <a href=\"https:\/\/implest.com\/?page_id=40006\">t\u00e9rminos y condiciones<\/a><\/span><\/label><\/span><\/span>\n\n<input class=\"wpcf7-form-control wpcf7-submit has-spinner\" type=\"submit\" value=\"Enviar\" \/><div class=\"wpcf7-response-output\" aria-hidden=\"true\"><\/div>\n<\/form>\n<\/div>\n            <\/div>\r\n            \t\t\t\t<\/div>\n\t\t\t\t<\/div>\n\t\t\t\t<\/div>\n\t\t\t\t<\/div>\n\t\t\t\t\t<\/div>\n\t\t\t\t<\/div>\n\t\t<div class=\"elementor-element elementor-element-3bc1904 e-flex e-con-boxed nextsaas-filter-effect-no nextsaas-custom-background-no nextsaas-sticky-no e-con e-parent\" data-id=\"3bc1904\" data-element_type=\"container\" data-e-type=\"container\" data-settings=\"{&quot;background_background&quot;:&quot;classic&quot;}\">\n\t\t\t\t\t<div class=\"e-con-inner\">\n\t\t<div class=\"elementor-element elementor-element-df5e80a e-con-full e-flex nextsaas-filter-effect-no nextsaas-custom-background-no nextsaas-sticky-no e-con e-child\" data-id=\"df5e80a\" data-element_type=\"container\" data-e-type=\"container\">\n\t\t\t\t<div class=\"gsap-animation elementor-element elementor-element-23243cf nextsaas-filter-effect-no elementor-widget elementor-widget-nextsaas_badge\" data-gsap-animate=\"true\" data-duration=\"0.6\" data-delay=\"0.2\" data-direction=\"down\" data-offset=\"60\" data-rotation=\"0\" data-id=\"23243cf\" data-element_type=\"widget\" data-e-type=\"widget\" data-widget_type=\"nextsaas_badge.default\">\n\t\t\t\t<div class=\"elementor-widget-container\">\n\t\t\t\t\t\t\t<div class=\"nextsaas_badge_wrap\">\r\n\t\t\t<div class=\"inline-block\">\r\n\t\t\t\t<span class=\"badge badge-green mb-5 nextsaas-badge\">\r\n\t\t\t\t\tEmpezar<\/span>\r\n\t\t\t\t<\/span>\r\n\t\t\t<\/div>\r\n\t\t<\/div>\r\n\t\t\t\t\t\t<\/div>\n\t\t\t\t<\/div>\n\t\t\t\t<div class=\"gsap-animation elementor-element elementor-element-6e85801 nextsaas-filter-effect-no elementor-widget elementor-widget-nextsaas-heading\" data-gsap-animate=\"true\" data-duration=\"0.6\" data-delay=\"0.4\" data-direction=\"down\" data-offset=\"60\" data-rotation=\"0\" data-id=\"6e85801\" data-element_type=\"widget\" data-e-type=\"widget\" data-widget_type=\"nextsaas-heading.default\">\n\t\t\t\t<div class=\"elementor-widget-container\">\n\t\t\t\t\t\t\t<div class=\"nextsaas_heading_wrap nextsaas-element\">\r\n\t\t\t<h2 class=\"font-medium mb-4 nextsaas_heading \" style=\"\">\r\n\t\t\t\tConvierte LinkedIn en un canal<br \/>\n real de captaci\u00f3n B2B\t\t\t<\/h2>\r\n\t\t<\/div>\r\n\t\t\t\t<\/div>\n\t\t\t\t<\/div>\n\t\t\t\t<div class=\"gsap-animation elementor-element elementor-element-e833670 nextsaas-filter-effect-no elementor-widget elementor-widget-heading\" data-gsap-animate=\"true\" data-duration=\"0.6\" data-delay=\"0.5\" data-direction=\"down\" data-offset=\"60\" data-rotation=\"0\" data-id=\"e833670\" data-element_type=\"widget\" data-e-type=\"widget\" data-widget_type=\"heading.default\">\n\t\t\t\t\t<p class=\"elementor-heading-title elementor-size-default\">Activa tu AI LinkedIn SDR y empieza a generar conversaciones\n con decisores de empresas potenciales.<br><br><\/p>\t\t\t\t<\/div>\n\t\t\t\t<div class=\"gsap-animation elementor-element elementor-element-6d7d7f9 elementor-icon-list--layout-inline elementor-align-center elementor-mobile-align-center elementor-tablet-align-center elementor-list-item-link-full_width nextsaas-filter-effect-no elementor-widget elementor-widget-icon-list\" data-gsap-animate=\"true\" data-duration=\"0.6\" data-delay=\"0.7\" data-direction=\"down\" data-offset=\"60\" data-rotation=\"0\" data-id=\"6d7d7f9\" data-element_type=\"widget\" data-e-type=\"widget\" data-widget_type=\"icon-list.default\">\n\t\t\t\t\t\t\t<ul class=\"elementor-icon-list-items elementor-inline-items\">\n\t\t\t\t\t\t\t<li class=\"elementor-icon-list-item elementor-inline-item\">\n\t\t\t\t\t\t\t\t\t\t\t<span class=\"elementor-icon-list-icon\">\n\t\t\t\t\t\t\t<svg aria-hidden=\"true\" class=\"e-font-icon-svg e-fas-check-circle\" viewBox=\"0 0 512 512\" xmlns=\"http:\/\/www.w3.org\/2000\/svg\"><path d=\"M504 256c0 136.967-111.033 248-248 248S8 392.967 8 256 119.033 8 256 8s248 111.033 248 248zM227.314 387.314l184-184c6.248-6.248 6.248-16.379 0-22.627l-22.627-22.627c-6.248-6.249-16.379-6.249-22.628 0L216 308.118l-70.059-70.059c-6.248-6.248-16.379-6.248-22.628 0l-22.627 22.627c-6.248 6.248-6.248 16.379 0 22.627l104 104c6.249 6.249 16.379 6.249 22.628.001z\"><\/path><\/svg>\t\t\t\t\t\t<\/span>\n\t\t\t\t\t\t\t\t\t\t<span class=\"elementor-icon-list-text\">Implantaci\u00f3n en 7\/10 d\u00edas<\/span>\n\t\t\t\t\t\t\t\t\t<\/li>\n\t\t\t\t\t\t\t\t<li class=\"elementor-icon-list-item elementor-inline-item\">\n\t\t\t\t\t\t\t\t\t\t\t<span class=\"elementor-icon-list-icon\">\n\t\t\t\t\t\t\t<svg aria-hidden=\"true\" class=\"e-font-icon-svg e-fas-check-circle\" viewBox=\"0 0 512 512\" xmlns=\"http:\/\/www.w3.org\/2000\/svg\"><path d=\"M504 256c0 136.967-111.033 248-248 248S8 392.967 8 256 119.033 8 256 8s248 111.033 248 248zM227.314 387.314l184-184c6.248-6.248 6.248-16.379 0-22.627l-22.627-22.627c-6.248-6.249-16.379-6.249-22.628 0L216 308.118l-70.059-70.059c-6.248-6.248-16.379-6.248-22.628 0l-22.627 22.627c-6.248 6.248-6.248 16.379 0 22.627l104 104c6.249 6.249 16.379 6.249 22.628.001z\"><\/path><\/svg>\t\t\t\t\t\t<\/span>\n\t\t\t\t\t\t\t\t\t\t<span class=\"elementor-icon-list-text\">Soporte 365 d\u00edas del a\u00f1o<\/span>\n\t\t\t\t\t\t\t\t\t<\/li>\n\t\t\t\t\t\t<\/ul>\n\t\t\t\t\t\t<\/div>\n\t\t<div class=\"elementor-element elementor-element-e8ee44c e-con-full e-flex nextsaas-filter-effect-no nextsaas-custom-background-no nextsaas-sticky-no e-con e-child\" data-id=\"e8ee44c\" data-element_type=\"container\" data-e-type=\"container\" data-settings=\"{&quot;background_background&quot;:&quot;classic&quot;}\">\n\t\t<div class=\"elementor-element elementor-element-0504671 e-con-full e-flex nextsaas-filter-effect-no nextsaas-custom-background-no nextsaas-sticky-no e-con e-child\" data-id=\"0504671\" data-element_type=\"container\" data-e-type=\"container\" data-settings=\"{&quot;background_background&quot;:&quot;classic&quot;}\">\n\t\t\t\t<div class=\"gsap-animation elementor-element elementor-element-83a34b5 elementor-absolute e-transform nextsaas-filter-effect-no elementor-widget elementor-widget-image\" data-gsap-animate=\"true\" data-duration=\"0.9\" data-delay=\"0.1\" data-direction=\"left\" data-offset=\"100\" data-rotation=\"0\" data-id=\"83a34b5\" data-element_type=\"widget\" data-e-type=\"widget\" data-settings=\"{&quot;_position&quot;:&quot;absolute&quot;,&quot;_transform_rotateZ_effect&quot;:{&quot;unit&quot;:&quot;px&quot;,&quot;size&quot;:276,&quot;sizes&quot;:[]},&quot;_transform_rotateZ_effect_tablet&quot;:{&quot;unit&quot;:&quot;deg&quot;,&quot;size&quot;:&quot;&quot;,&quot;sizes&quot;:[]},&quot;_transform_rotateZ_effect_mobile&quot;:{&quot;unit&quot;:&quot;deg&quot;,&quot;size&quot;:&quot;&quot;,&quot;sizes&quot;:[]}}\" data-widget_type=\"image.default\">\n\t\t\t\t\t\t\t\t\t\t\t\t\t\t\t<img fetchpriority=\"high\" decoding=\"async\" width=\"939\" height=\"938\" src=\"https:\/\/implest.com\/wp-content\/uploads\/2025\/11\/gradient-18.png\" class=\"attachment-full size-full wp-image-38296\" alt=\"\" \/>\t\t\t\t\t\t\t\t\t\t\t\t\t\t\t<\/div>\n\t\t<div class=\"elementor-element elementor-element-7df1540 e-con-full e-flex nextsaas-filter-effect-no nextsaas-custom-background-no nextsaas-sticky-no e-con e-child\" data-id=\"7df1540\" data-element_type=\"container\" data-e-type=\"container\">\n\t\t\t\t<div class=\"gsap-animation elementor-element elementor-element-c5d7106 nextsaas-filter-effect-no elementor-widget elementor-widget-nextsaas_badge\" data-gsap-animate=\"true\" data-duration=\"0.6\" data-delay=\"0.1\" data-direction=\"down\" data-offset=\"60\" data-rotation=\"0\" data-id=\"c5d7106\" data-element_type=\"widget\" data-e-type=\"widget\" data-widget_type=\"nextsaas_badge.default\">\n\t\t\t\t<div class=\"elementor-widget-container\">\n\t\t\t\t\t\t\t<div class=\"nextsaas_badge_wrap\">\r\n\t\t\t<div class=\"inline-block\">\r\n\t\t\t\t<span class=\"badge badge-green mb-5 nextsaas-badge\">\r\n\t\t\t\t\tNo dependas del azar<\/span>\r\n\t\t\t\t<\/span>\r\n\t\t\t<\/div>\r\n\t\t<\/div>\r\n\t\t\t\t\t\t<\/div>\n\t\t\t\t<\/div>\n\t\t\t\t<div class=\"gsap-animation elementor-element elementor-element-feaf4d6 elementor-widget__width-initial nextsaas-filter-effect-no elementor-widget elementor-widget-heading\" data-gsap-animate=\"true\" data-duration=\"0.6\" data-delay=\"0.2\" data-direction=\"down\" data-offset=\"60\" data-rotation=\"0\" data-id=\"feaf4d6\" data-element_type=\"widget\" data-e-type=\"widget\" data-widget_type=\"heading.default\">\n\t\t\t\t\t<h3 class=\"elementor-heading-title elementor-size-default\">Controla tu captaci\u00f3n B2B\n<\/h3>\t\t\t\t<\/div>\n\t\t\t\t<div class=\"gsap-animation elementor-element elementor-element-5ff3f9a nextsaas-filter-effect-no elementor-widget elementor-widget-heading\" data-gsap-animate=\"true\" data-duration=\"0.6\" data-delay=\"0.3\" data-direction=\"down\" data-offset=\"60\" data-rotation=\"0\" data-id=\"5ff3f9a\" data-element_type=\"widget\" data-e-type=\"widget\" data-widget_type=\"heading.default\">\n\t\t\t\t\t<p class=\"elementor-heading-title elementor-size-default\">Implest convierte LinkedIn en un sistema predecible de generaci\u00f3n de oportunidades comerciales.\n\n<\/p>\t\t\t\t<\/div>\n\t\t\t\t<div class=\"gsap-animation elementor-element elementor-element-51a39c9 elementor-widget-mobile__width-initial nextsaas-filter-effect-no elementor-widget elementor-widget-nextsaas-button\" data-gsap-animate=\"true\" data-duration=\"0.6\" data-delay=\"0.4\" data-direction=\"down\" data-offset=\"60\" data-rotation=\"0\" data-id=\"51a39c9\" data-element_type=\"widget\" data-e-type=\"widget\" data-widget_type=\"nextsaas-button.default\">\n\t\t\t\t<div class=\"elementor-widget-container\">\n\t\t\t\t\t<style>\r\n\t\t\t\t.elementor-element-51a39c9 .nextsaas_button_wrap .nextsaas-button:before {\r\n\t\t\t\t\tbackground-image: url(\"data:image\/svg+xml,%3Csvg xmlns='http:\/\/www.w3.org\/2000\/svg' width='24' height='24' fill='%231A1A1C' viewBox='0 0 256 256'%3E%3Cpath d='M181.66,133.66l-80,80a8,8,0,0,1-11.32-11.32L164.69,128,90.34,53.66a8,8,0,0,1,11.32-11.32l80,80A8,8,0,0,1,181.66,133.66Z'\/%3E%3C\/svg%3E\");\r\n\t\t\t\t}\r\n\t\t\t<\/style>\t\t<div class=\"nextsaas_button_wrap\">\r\n\t\t\t\t\t\t<div class=\"md:inline-block block\">\r\n\t\t\t\t<a href=\"https:\/\/calendar.app.google\/cNFowYUxMhCq1Lg96\" target=&quot;_blank&quot; class=\"btn btn-white btn-md dark:btn-transparent hover:btn-primary w-full md:w-auto nextsaas-button\">\r\n\t\t\t\t  <span>Activar ahora<\/span>\r\n\t\t\t\t<\/a>\r\n\t\t\t<\/div>\r\n\t\t\t\t\t<\/div>\r\n\t\t\t\t\t\t<\/div>\n\t\t\t\t<\/div>\n\t\t\t\t<\/div>\n\t\t\t\t<\/div>\n\t\t\t\t<\/div>\n\t\t\t\t<\/div>\n\t\t\t\t\t<\/div>\n\t\t\t\t<\/div>\n\t\t\t\t<\/div>\n\t\t","protected":false},"excerpt":{"rendered":"<p>Hablemos sobre c\u00f3mo generar reuniones con decisores Si quieres convertir LinkedIn en un canal real de captaci\u00f3n B2B, d\u00e9janos tu mensaje y te ayudaremos a activar tu AI LinkedIn SDR. Nombre completo Tu n\u00famero Tu correo electr\u00f3nico Asunto Escribe tu mensaje Estoy de acuerdo con los t\u00e9rminos y condiciones Empezar Convierte LinkedIn en un canal [&hellip;]<\/p>\n","protected":false},"author":1,"featured_media":0,"parent":0,"menu_order":0,"comment_status":"closed","ping_status":"closed","template":"elementor_header_footer","meta":{"footnotes":""},"class_list":["post-7604","page","type-page","status-publish","hentry"],"_links":{"self":[{"href":"https:\/\/implest.com\/index.php?rest_route=\/wp\/v2\/pages\/7604","targetHints":{"allow":["GET"]}}],"collection":[{"href":"https:\/\/implest.com\/index.php?rest_route=\/wp\/v2\/pages"}],"about":[{"href":"https:\/\/implest.com\/index.php?rest_route=\/wp\/v2\/types\/page"}],"author":[{"embeddable":true,"href":"https:\/\/implest.com\/index.php?rest_route=\/wp\/v2\/users\/1"}],"replies":[{"embeddable":true,"href":"https:\/\/implest.com\/index.php?rest_route=%2Fwp%2Fv2%2Fcomments&post=7604"}],"version-history":[{"count":20,"href":"https:\/\/implest.com\/index.php?rest_route=\/wp\/v2\/pages\/7604\/revisions"}],"predecessor-version":[{"id":40142,"href":"https:\/\/implest.com\/index.php?rest_route=\/wp\/v2\/pages\/7604\/revisions\/40142"}],"wp:attachment":[{"href":"https:\/\/implest.com\/index.php?rest_route=%2Fwp%2Fv2%2Fmedia&parent=7604"}],"curies":[{"name":"wp","href":"https:\/\/api.w.org\/{rel}","templated":true}]}}