{"id":6537,"date":"2025-09-03T11:39:21","date_gmt":"2025-09-03T11:39:21","guid":{"rendered":"https:\/\/nextsaas-wp.pixels71.com\/insurance\/?page_id=6537"},"modified":"2026-03-10T08:56:44","modified_gmt":"2026-03-10T08:56:44","slug":"rsc","status":"publish","type":"page","link":"https:\/\/implest.com\/?page_id=6537","title":{"rendered":"RSC"},"content":{"rendered":"\t\t<div data-elementor-type=\"wp-page\" data-elementor-id=\"6537\" class=\"elementor elementor-6537\">\n\t\t\t\t<div class=\"elementor-element elementor-element-e330886 e-flex e-con-boxed nextsaas-filter-effect-no nextsaas-custom-background-no nextsaas-sticky-no e-con e-parent\" data-id=\"e330886\" data-element_type=\"container\" data-e-type=\"container\" data-settings=\"{&quot;background_background&quot;:&quot;classic&quot;}\">\n\t\t\t\t\t<div class=\"e-con-inner\">\n\t\t<div class=\"gsap-animation elementor-element elementor-element-9012def e-con-full e-flex nextsaas-filter-effect-no nextsaas-custom-background-no nextsaas-sticky-no e-con e-child\" data-gsap-animate=\"true\" data-duration=\"0.6\" data-delay=\"0.3\" data-direction=\"down\" data-offset=\"60\" data-rotation=\"0\" data-id=\"9012def\" data-element_type=\"container\" data-e-type=\"container\">\n\t\t\t\t<div class=\"elementor-element elementor-element-48d31a7 nextsaas-filter-effect-no elementor-widget elementor-widget-heading\" data-id=\"48d31a7\" data-element_type=\"widget\" data-e-type=\"widget\" data-widget_type=\"heading.default\">\n\t\t\t\t\t<h2 class=\"elementor-heading-title elementor-size-default\">Responsabilidad Social Corporativa\n<\/h2>\t\t\t\t<\/div>\n\t\t\t\t<div class=\"elementor-element elementor-element-a77664f nextsaas-filter-effect-no elementor-widget elementor-widget-heading\" data-id=\"a77664f\" data-element_type=\"widget\" data-e-type=\"widget\" data-widget_type=\"heading.default\">\n\t\t\t\t\t<p class=\"elementor-heading-title elementor-size-default\">Apostamos por un desarrollo empresarial sostenible\n\nKomaneca SL considera la Responsabilidad Social Corporativa (RSC) como una forma de garantizar la sostenibilidad de la compa\u00f1\u00eda.\n\nPara Komaneca la RSC debe estar alineada con su actividad natural, que es la creaci\u00f3n de riqueza a trav\u00e9s del desarrollo de soluciones y servicios innovadores. Las soluciones y servicios que ofrece Komaneca son una excelente herramienta de contribuci\u00f3n al desarrollo, no s\u00f3lo en beneficio de nuestros clientes sino, en un sentido m\u00e1s amplio, a toda la sociedad y en las comunidades donde estamos presentes.<\/p>\t\t\t\t<\/div>\n\t\t\t\t<\/div>\n\t\t\t\t\t<\/div>\n\t\t\t\t<\/div>\n\t\t\t\t<\/div>\n\t\t","protected":false},"excerpt":{"rendered":"<p>Responsabilidad Social Corporativa Apostamos por un desarrollo empresarial sostenible Komaneca SL considera la Responsabilidad Social Corporativa (RSC) como una forma de garantizar la sostenibilidad de la compa\u00f1\u00eda. Para Komaneca la RSC debe estar alineada con su actividad natural, que es la creaci\u00f3n de riqueza a trav\u00e9s del desarrollo de soluciones y servicios innovadores. Las soluciones [&hellip;]<\/p>\n","protected":false},"author":1,"featured_media":0,"parent":0,"menu_order":0,"comment_status":"closed","ping_status":"closed","template":"","meta":{"footnotes":""},"class_list":["post-6537","page","type-page","status-publish","hentry"],"_links":{"self":[{"href":"https:\/\/implest.com\/index.php?rest_route=\/wp\/v2\/pages\/6537","targetHints":{"allow":["GET"]}}],"collection":[{"href":"https:\/\/implest.com\/index.php?rest_route=\/wp\/v2\/pages"}],"about":[{"href":"https:\/\/implest.com\/index.php?rest_route=\/wp\/v2\/types\/page"}],"author":[{"embeddable":true,"href":"https:\/\/implest.com\/index.php?rest_route=\/wp\/v2\/users\/1"}],"replies":[{"embeddable":true,"href":"https:\/\/implest.com\/index.php?rest_route=%2Fwp%2Fv2%2Fcomments&post=6537"}],"version-history":[{"count":11,"href":"https:\/\/implest.com\/index.php?rest_route=\/wp\/v2\/pages\/6537\/revisions"}],"predecessor-version":[{"id":40031,"href":"https:\/\/implest.com\/index.php?rest_route=\/wp\/v2\/pages\/6537\/revisions\/40031"}],"wp:attachment":[{"href":"https:\/\/implest.com\/index.php?rest_route=%2Fwp%2Fv2%2Fmedia&parent=6537"}],"curies":[{"name":"wp","href":"https:\/\/api.w.org\/{rel}","templated":true}]}}