{"id":40001,"date":"2026-03-10T08:30:31","date_gmt":"2026-03-10T08:30:31","guid":{"rendered":"https:\/\/implest.com\/?page_id=40001"},"modified":"2026-03-21T08:49:55","modified_gmt":"2026-03-21T08:49:55","slug":"aviso-legal","status":"publish","type":"page","link":"https:\/\/implest.com\/?page_id=40001","title":{"rendered":"Aviso legal"},"content":{"rendered":"\t\t<div data-elementor-type=\"wp-page\" data-elementor-id=\"40001\" class=\"elementor elementor-40001\">\n\t\t\t\t<div class=\"elementor-element elementor-element-e330886 e-con-full e-flex nextsaas-filter-effect-no nextsaas-custom-background-no nextsaas-sticky-no e-con e-parent\" data-id=\"e330886\" data-element_type=\"container\" data-e-type=\"container\" data-settings=\"{&quot;background_background&quot;:&quot;classic&quot;}\">\n\t\t<div class=\"gsap-animation elementor-element elementor-element-9012def e-con-full e-flex nextsaas-filter-effect-no nextsaas-custom-background-no nextsaas-sticky-no e-con e-child\" data-gsap-animate=\"true\" data-duration=\"0.6\" data-delay=\"0.3\" data-direction=\"down\" data-offset=\"60\" data-rotation=\"0\" data-id=\"9012def\" data-element_type=\"container\" data-e-type=\"container\">\n\t\t\t\t<div class=\"elementor-element elementor-element-48d31a7 nextsaas-filter-effect-no elementor-widget elementor-widget-heading\" data-id=\"48d31a7\" data-element_type=\"widget\" data-e-type=\"widget\" data-widget_type=\"heading.default\">\n\t\t\t\t\t<h2 class=\"elementor-heading-title elementor-size-default\">Avisol legal<\/h2>\t\t\t\t<\/div>\n\t\t\t\t<div class=\"elementor-element elementor-element-a77664f nextsaas-filter-effect-no elementor-widget elementor-widget-heading\" data-id=\"a77664f\" data-element_type=\"widget\" data-e-type=\"widget\" data-widget_type=\"heading.default\">\n\t\t\t\t\t<p class=\"elementor-heading-title elementor-size-default\">En cumplimiento del art\u00edculo 10 de la Ley 34\/2002, de 11 de julio, de Servicios de la Sociedad de la Informaci\u00f3n y Comercio Electr\u00f3nico, se exponen los datos identificativos del Titular:<br>\nWeb: https:\/\/implest.com\/\nTitular: Komaneca, SL\nDomicilio: C\/Balmes 191, 6\u00ba 1\u00ba, 08006 Barcelona\nC.I.F.: B21790761\nCorreo electr\u00f3nico: dpd@komaneca.com<br>\n<br>\n<br><\/p>\t\t\t\t<\/div>\n\t\t\t\t<\/div>\n\t\t<div class=\"gsap-animation elementor-element elementor-element-cf35604 e-con-full e-flex nextsaas-filter-effect-no nextsaas-custom-background-no nextsaas-sticky-no e-con e-child\" data-gsap-animate=\"true\" data-duration=\"0.6\" data-delay=\"0.4\" data-direction=\"down\" data-offset=\"60\" data-rotation=\"0\" data-id=\"cf35604\" data-element_type=\"container\" data-e-type=\"container\">\n\t\t\t\t<div class=\"elementor-element elementor-element-24e7d29 nextsaas-filter-effect-no elementor-widget elementor-widget-heading\" data-id=\"24e7d29\" data-element_type=\"widget\" data-e-type=\"widget\" data-widget_type=\"heading.default\">\n\t\t\t\t\t<h2 class=\"elementor-heading-title elementor-size-default\">2) T\u00c9RMINOS Y CONDICIONES DE ACCESO Y USO\n<\/h2>\t\t\t\t<\/div>\n\t\t\t\t<div class=\"elementor-element elementor-element-dbe3b86 nextsaas-filter-effect-no elementor-widget elementor-widget-heading\" data-id=\"dbe3b86\" data-element_type=\"widget\" data-e-type=\"widget\" data-widget_type=\"heading.default\">\n\t\t\t\t\t<p class=\"elementor-heading-title elementor-size-default\">El sitio web\nEl objeto de las presentes Condiciones Generales de Uso es regular el acceso y la utilizaci\u00f3n del Sitio Web. Komaneca, SL se reserva la facultad de modificar, en cualquier momento y sin aviso previo, la presentaci\u00f3n y configuraci\u00f3n del Sitio Web, as\u00ed como los contenidos y servicios que en \u00e9l pudieran estar incorporados. El acceso al Sitio Web tiene car\u00e1cter libre y, por regla general, es gratuito, salvo el coste de conexi\u00f3n a trav\u00e9s de la red de telecomunicaciones del proveedor contratado por el Usuario. La utilizaci\u00f3n de determinados contenidos o servicios podr\u00e1 requerir suscripci\u00f3n o registro previo del Usuario.<\/p>\t\t\t\t<\/div>\n\t\t\t\t<\/div>\n\t\t<div class=\"gsap-animation elementor-element elementor-element-6e00dcc e-con-full e-flex nextsaas-filter-effect-no nextsaas-custom-background-no nextsaas-sticky-no e-con e-child\" data-gsap-animate=\"true\" data-duration=\"0.6\" data-delay=\"0.5\" data-direction=\"down\" data-offset=\"60\" data-rotation=\"0\" data-id=\"6e00dcc\" data-element_type=\"container\" data-e-type=\"container\">\n\t\t\t\t<div class=\"elementor-element elementor-element-7b5beb8 nextsaas-filter-effect-no elementor-widget elementor-widget-heading\" data-id=\"7b5beb8\" data-element_type=\"widget\" data-e-type=\"widget\" data-widget_type=\"heading.default\">\n\t\t\t\t\t<h2 class=\"elementor-heading-title elementor-size-default\">Usuario\n<\/h2>\t\t\t\t<\/div>\n\t\t\t\t<div class=\"elementor-element elementor-element-8bca353 nextsaas-filter-effect-no elementor-widget elementor-widget-heading\" data-id=\"8bca353\" data-element_type=\"widget\" data-e-type=\"widget\" data-widget_type=\"heading.default\">\n\t\t\t\t\t<p class=\"elementor-heading-title elementor-size-default\">El acceso, la navegaci\u00f3n y uso del Sitio Web confiere la condici\u00f3n de Usuario, acept\u00e1ndose desde el inicio de la navegaci\u00f3n todas las condiciones aqu\u00ed establecidas. El Usuario se compromete a utilizar el Sitio Web de conformidad con la Ley, la moral, las buenas costumbres y el orden p\u00fablico, absteni\u00e9ndose de utilizarlo con fines il\u00edcitos o lesivos. Komaneca, SL se reserva el derecho a retirar comentarios o contenidos que vulneren la ley, la dignidad de las personas o el orden p\u00fablico. El Usuario declara ser mayor de edad y disponer de capacidad jur\u00eddica suficiente. Este Sitio Web no se dirige a menores de edad. El Sitio Web est\u00e1 dirigido principalmente a usuarios residentes en Espa\u00f1a. El acceso desde otros pa\u00edses se realiza bajo la responsabilidad del Usuario.<\/p>\t\t\t\t<\/div>\n\t\t\t\t<\/div>\n\t\t<div class=\"gsap-animation elementor-element elementor-element-b8ca14b e-con-full e-flex nextsaas-filter-effect-no nextsaas-custom-background-no nextsaas-sticky-no e-con e-child\" data-gsap-animate=\"true\" data-duration=\"0.6\" data-delay=\"0.6\" data-direction=\"down\" data-offset=\"60\" data-rotation=\"0\" data-id=\"b8ca14b\" data-element_type=\"container\" data-e-type=\"container\">\n\t\t\t\t<div class=\"elementor-element elementor-element-18b62c4 nextsaas-filter-effect-no elementor-widget elementor-widget-heading\" data-id=\"18b62c4\" data-element_type=\"widget\" data-e-type=\"widget\" data-widget_type=\"heading.default\">\n\t\t\t\t\t<h2 class=\"elementor-heading-title elementor-size-default\">3) PROPIEDAD INTELECTUAL\n<\/h2>\t\t\t\t<\/div>\n\t\t\t\t<div class=\"elementor-element elementor-element-aaf9bc1 nextsaas-filter-effect-no elementor-widget elementor-widget-heading\" data-id=\"aaf9bc1\" data-element_type=\"widget\" data-e-type=\"widget\" data-widget_type=\"heading.default\">\n\t\t\t\t\t<p class=\"elementor-heading-title elementor-size-default\">En caso de considerar vulnerados derechos de propiedad intelectual, el interesado deber\u00e1 notificarlo a Komaneca, SL indicando:\nDatos del titular de los derechos presuntamente infringidos\nIdentificaci\u00f3n de los contenidos protegidos y su ubicaci\u00f3n\nAcreditaci\u00f3n de la titularidad de los derechos\nDeclaraci\u00f3n de veracidad de la informaci\u00f3n facilitada\nLa marca Komaneca, SL y su identidad gr\u00e1fica son marcas registradas. Queda prohibido su uso sin autorizaci\u00f3n expresa.<\/p>\t\t\t\t<\/div>\n\t\t\t\t<\/div>\n\t\t<div class=\"gsap-animation elementor-element elementor-element-038d420 e-con-full e-flex nextsaas-filter-effect-no nextsaas-custom-background-no nextsaas-sticky-no e-con e-child\" data-gsap-animate=\"true\" data-duration=\"0.6\" data-delay=\"0.3\" data-direction=\"down\" data-offset=\"60\" data-rotation=\"0\" data-id=\"038d420\" data-element_type=\"container\" data-e-type=\"container\">\n\t\t\t\t<div class=\"elementor-element elementor-element-01381e2 nextsaas-filter-effect-no elementor-widget elementor-widget-heading\" data-id=\"01381e2\" data-element_type=\"widget\" data-e-type=\"widget\" data-widget_type=\"heading.default\">\n\t\t\t\t\t<h2 class=\"elementor-heading-title elementor-size-default\">4) EXCLUSI\u00d3N DE RESPONSABILIDAD\n<\/h2>\t\t\t\t<\/div>\n\t\t\t\t<div class=\"elementor-element elementor-element-c0ebe18 nextsaas-filter-effect-no elementor-widget elementor-widget-heading\" data-id=\"c0ebe18\" data-element_type=\"widget\" data-e-type=\"widget\" data-widget_type=\"heading.default\">\n\t\t\t\t\t<p class=\"elementor-heading-title elementor-size-default\">Komaneca, SL no garantiza la exactitud ni la actualizaci\u00f3n permanente de los contenidos del sitio web, reserv\u00e1ndose el derecho a modificarlos en cualquier momento. No se hace responsable de la informaci\u00f3n obtenida a trav\u00e9s de enlaces externos incluidos en el sitio web.\n<\/p>\t\t\t\t<\/div>\n\t\t\t\t<\/div>\n\t\t<div class=\"gsap-animation elementor-element elementor-element-3026c0d e-con-full e-flex nextsaas-filter-effect-no nextsaas-custom-background-no nextsaas-sticky-no e-con e-child\" data-gsap-animate=\"true\" data-duration=\"0.6\" data-delay=\"0.5\" data-direction=\"down\" data-offset=\"60\" data-rotation=\"0\" data-id=\"3026c0d\" data-element_type=\"container\" data-e-type=\"container\">\n\t\t\t\t<div class=\"elementor-element elementor-element-1bc824e nextsaas-filter-effect-no elementor-widget elementor-widget-heading\" data-id=\"1bc824e\" data-element_type=\"widget\" data-e-type=\"widget\" data-widget_type=\"heading.default\">\n\t\t\t\t\t<h2 class=\"elementor-heading-title elementor-size-default\">5) POL\u00cdTICA DE INFORMACI\u00d3N Y PUBLICIDAD COMERCIAL\n<\/h2>\t\t\t\t<\/div>\n\t\t\t\t<div class=\"elementor-element elementor-element-7b7e459 nextsaas-filter-effect-no elementor-widget elementor-widget-heading\" data-id=\"7b7e459\" data-element_type=\"widget\" data-e-type=\"widget\" data-widget_type=\"heading.default\">\n\t\t\t\t\t<p class=\"elementor-heading-title elementor-size-default\">Komaneca, SL se compromete a no realizar publicidad enga\u00f1osa. Los errores formales o num\u00e9ricos que puedan aparecer ser\u00e1n corregidos tan pronto como se tenga conocimiento de los mismos. No se enviar\u00e1n comunicaciones comerciales sin identificarlas como tales, conforme a la Ley 34\/2002. Para dejar de recibir comunicaciones comerciales, el Usuario podr\u00e1 solicitar la baja enviando un correo indicando en el asunto BAJA COMUNICACIONES.\n<\/p>\t\t\t\t<\/div>\n\t\t\t\t<\/div>\n\t\t<div class=\"gsap-animation elementor-element elementor-element-2d8065a e-con-full e-flex nextsaas-filter-effect-no nextsaas-custom-background-no nextsaas-sticky-no e-con e-child\" data-gsap-animate=\"true\" data-duration=\"0.6\" data-delay=\"0.5\" data-direction=\"down\" data-offset=\"60\" data-rotation=\"0\" data-id=\"2d8065a\" data-element_type=\"container\" data-e-type=\"container\">\n\t\t\t\t<div class=\"elementor-element elementor-element-852ceda nextsaas-filter-effect-no elementor-widget elementor-widget-heading\" data-id=\"852ceda\" data-element_type=\"widget\" data-e-type=\"widget\" data-widget_type=\"heading.default\">\n\t\t\t\t\t<h2 class=\"elementor-heading-title elementor-size-default\">6) POL\u00cdTICA DE ENLACES\n<\/h2>\t\t\t\t<\/div>\n\t\t\t\t<div class=\"elementor-element elementor-element-1603cae nextsaas-filter-effect-no elementor-widget elementor-widget-heading\" data-id=\"1603cae\" data-element_type=\"widget\" data-e-type=\"widget\" data-widget_type=\"heading.default\">\n\t\t\t\t\t<p class=\"elementor-heading-title elementor-size-default\">El establecimiento de un hiperv\u00ednculo no implica relaci\u00f3n alguna entre Komaneca, SL y el titular del sitio web desde el cual se realice. No se permite la reproducci\u00f3n total o parcial de los contenidos del Sitio Web sin autorizaci\u00f3n expresa.\n<\/p>\t\t\t\t<\/div>\n\t\t\t\t<\/div>\n\t\t<div class=\"gsap-animation elementor-element elementor-element-27644fa e-con-full e-flex nextsaas-filter-effect-no nextsaas-custom-background-no nextsaas-sticky-no e-con e-child\" data-gsap-animate=\"true\" data-duration=\"0.6\" data-delay=\"0.3\" data-direction=\"down\" data-offset=\"60\" data-rotation=\"0\" data-id=\"27644fa\" data-element_type=\"container\" data-e-type=\"container\">\n\t\t\t\t<div class=\"elementor-element elementor-element-1c4ebe1 nextsaas-filter-effect-no elementor-widget elementor-widget-heading\" data-id=\"1c4ebe1\" data-element_type=\"widget\" data-e-type=\"widget\" data-widget_type=\"heading.default\">\n\t\t\t\t\t<h2 class=\"elementor-heading-title elementor-size-default\">7) REDES SOCIALES\n<\/h2>\t\t\t\t<\/div>\n\t\t\t\t<div class=\"elementor-element elementor-element-e79bec2 nextsaas-filter-effect-no elementor-widget elementor-widget-heading\" data-id=\"e79bec2\" data-element_type=\"widget\" data-e-type=\"widget\" data-widget_type=\"heading.default\">\n\t\t\t\t\t<p class=\"elementor-heading-title elementor-size-default\">Komaneca, SL puede tener presencia en redes sociales. El tratamiento de los datos de los seguidores se regir\u00e1 por este Aviso Legal y por las pol\u00edticas propias de cada red social.\n<\/p>\t\t\t\t<\/div>\n\t\t\t\t<\/div>\n\t\t<div class=\"gsap-animation elementor-element elementor-element-05c9a0b e-con-full e-flex nextsaas-filter-effect-no nextsaas-custom-background-no nextsaas-sticky-no e-con e-child\" data-gsap-animate=\"true\" data-duration=\"0.6\" data-delay=\"0.4\" data-direction=\"down\" data-offset=\"60\" data-rotation=\"0\" data-id=\"05c9a0b\" data-element_type=\"container\" data-e-type=\"container\">\n\t\t\t\t<div class=\"elementor-element elementor-element-2029dce nextsaas-filter-effect-no elementor-widget elementor-widget-heading\" data-id=\"2029dce\" data-element_type=\"widget\" data-e-type=\"widget\" data-widget_type=\"heading.default\">\n\t\t\t\t\t<h2 class=\"elementor-heading-title elementor-size-default\">8) JURISDICCI\u00d3N Y LEYES APLICABLES\n<\/h2>\t\t\t\t<\/div>\n\t\t\t\t<div class=\"elementor-element elementor-element-b9e2df6 nextsaas-filter-effect-no elementor-widget elementor-widget-heading\" data-id=\"b9e2df6\" data-element_type=\"widget\" data-e-type=\"widget\" data-widget_type=\"heading.default\">\n\t\t\t\t\t<p class=\"elementor-heading-title elementor-size-default\">El presente Aviso Legal se rige por la legislaci\u00f3n espa\u00f1ola. El uso del Sitio Web implica la aceptaci\u00f3n plena de estos t\u00e9rminos. \u00daltima actualizaci\u00f3n: 15\/07\/25\n<\/p>\t\t\t\t<\/div>\n\t\t\t\t<\/div>\n\t\t<div class=\"gsap-animation elementor-element elementor-element-6ed24c1 e-con-full e-flex nextsaas-filter-effect-no nextsaas-custom-background-no nextsaas-sticky-no e-con e-child\" data-gsap-animate=\"true\" data-duration=\"0.6\" data-delay=\"0.5\" data-direction=\"down\" data-offset=\"60\" data-rotation=\"0\" data-id=\"6ed24c1\" data-element_type=\"container\" data-e-type=\"container\">\n\t\t\t\t<\/div>\n\t\t\t\t<\/div>\n\t\t\t\t<\/div>\n\t\t","protected":false},"excerpt":{"rendered":"<p>Avisol legal En cumplimiento del art\u00edculo 10 de la Ley 34\/2002, de 11 de julio, de Servicios de la Sociedad de la Informaci\u00f3n y Comercio Electr\u00f3nico, se exponen los datos identificativos del Titular: Web: https:\/\/implest.com\/ Titular: Komaneca, SL Domicilio: C\/Balmes 191, 6\u00ba 1\u00ba, 08006 Barcelona C.I.F.: B21790761 Correo electr\u00f3nico: dpd@komaneca.com 2) T\u00c9RMINOS Y CONDICIONES DE [&hellip;]<\/p>\n","protected":false},"author":1,"featured_media":0,"parent":0,"menu_order":0,"comment_status":"closed","ping_status":"closed","template":"","meta":{"footnotes":""},"class_list":["post-40001","page","type-page","status-publish","hentry"],"_links":{"self":[{"href":"https:\/\/implest.com\/index.php?rest_route=\/wp\/v2\/pages\/40001","targetHints":{"allow":["GET"]}}],"collection":[{"href":"https:\/\/implest.com\/index.php?rest_route=\/wp\/v2\/pages"}],"about":[{"href":"https:\/\/implest.com\/index.php?rest_route=\/wp\/v2\/types\/page"}],"author":[{"embeddable":true,"href":"https:\/\/implest.com\/index.php?rest_route=\/wp\/v2\/users\/1"}],"replies":[{"embeddable":true,"href":"https:\/\/implest.com\/index.php?rest_route=%2Fwp%2Fv2%2Fcomments&post=40001"}],"version-history":[{"count":13,"href":"https:\/\/implest.com\/index.php?rest_route=\/wp\/v2\/pages\/40001\/revisions"}],"predecessor-version":[{"id":40149,"href":"https:\/\/implest.com\/index.php?rest_route=\/wp\/v2\/pages\/40001\/revisions\/40149"}],"wp:attachment":[{"href":"https:\/\/implest.com\/index.php?rest_route=%2Fwp%2Fv2%2Fmedia&parent=40001"}],"curies":[{"name":"wp","href":"https:\/\/api.w.org\/{rel}","templated":true}]}}